{"id":49,"date":"2023-02-11T16:24:58","date_gmt":"2023-02-11T19:24:58","guid":{"rendered":"https:\/\/hart.com.br\/?page_id=49"},"modified":"2023-03-22T20:48:44","modified_gmt":"2023-03-22T23:48:44","slug":"quem-somos","status":"publish","type":"page","link":"http:\/\/hart.com.br\/?page_id=49","title":{"rendered":"Quem Somos"},"content":{"rendered":"<p><\/p>\n<p style=\"font-variant-ligatures: normal; font-variant-caps: normal; font-family: Roboto, sans-serif; font-size: 18px; font-style: normal; font-weight: 400;\">Hart Log\u00edstica \u00e9 uma empresa especializada em loca\u00e7\u00e3o e log\u00edstica de transporte executivo e assessoria de eventos.<\/p>\n<p>Al\u00e9m dos autom\u00f3veis executivos, dentre blindados, especiais e outros, disponibilizamos motoristas com ampla experi\u00eancia, bil\u00edngues, quando solicitado, int\u00e9rpretes, acompanhantes executivos e seguran\u00e7as.<\/p>\n<p>Asseguramos qualidade, experi\u00eancia, conforto, sigilo e confiabilidade para traslado de executivos e VIP\u00b4s, em deslocamentos pontuais, eventos, aeroportos entre outros.<\/p>\n<p>A Hart Log\u00edstica desenvolve solu\u00e7\u00f5es espec\u00edficas para sua empresa ou institui\u00e7\u00e3o, com o melhor custo\/benef\u00edcio do mercado.<\/p>\n<p>Para mais informa\u00e7\u00f5es, entre em contato e conhe\u00e7a melhor nosso trabalho.<\/p>\n<p><\/p><h2>Contato<\/h2><p><b>E-mail:<\/b> hart@hart.com.br<\/p><p><b>Telefone\/WhatsApp:<\/b> +55 (11) 97675-7383<\/p><p>\u00a0<\/p>","protected":false},"excerpt":{"rendered":"<p>Hart Log\u00edstica \u00e9 uma empresa especializada em loca\u00e7\u00e3o e log\u00edstica de transporte executivo e assessoria de eventos. Al\u00e9m dos autom\u00f3veis executivos, dentre blindados, especiais e outros, disponibilizamos motoristas com ampla experi\u00eancia, bil\u00edngues, quando solicitado, int\u00e9rpretes, acompanhantes executivos e seguran\u00e7as. Asseguramos qualidade, experi\u00eancia, conforto, sigilo e confiabilidade para traslado de executivos e VIP\u00b4s, em deslocamentos pontuais, [&hellip;]<\/p>\n","protected":false},"author":1,"featured_media":0,"parent":0,"menu_order":0,"comment_status":"closed","ping_status":"closed","template":"","meta":{"footnotes":""},"class_list":["post-49","page","type-page","status-publish","hentry","entry"],"_links":{"self":[{"href":"http:\/\/hart.com.br\/index.php?rest_route=\/wp\/v2\/pages\/49","targetHints":{"allow":["GET"]}}],"collection":[{"href":"http:\/\/hart.com.br\/index.php?rest_route=\/wp\/v2\/pages"}],"about":[{"href":"http:\/\/hart.com.br\/index.php?rest_route=\/wp\/v2\/types\/page"}],"author":[{"embeddable":true,"href":"http:\/\/hart.com.br\/index.php?rest_route=\/wp\/v2\/users\/1"}],"replies":[{"embeddable":true,"href":"http:\/\/hart.com.br\/index.php?rest_route=%2Fwp%2Fv2%2Fcomments&post=49"}],"version-history":[{"count":15,"href":"http:\/\/hart.com.br\/index.php?rest_route=\/wp\/v2\/pages\/49\/revisions"}],"predecessor-version":[{"id":293,"href":"http:\/\/hart.com.br\/index.php?rest_route=\/wp\/v2\/pages\/49\/revisions\/293"}],"wp:attachment":[{"href":"http:\/\/hart.com.br\/index.php?rest_route=%2Fwp%2Fv2%2Fmedia&parent=49"}],"curies":[{"name":"wp","href":"https:\/\/api.w.org\/{rel}","templated":true}]}}