{"id":34,"date":"2023-02-11T15:51:49","date_gmt":"2023-02-11T18:51:49","guid":{"rendered":"https:\/\/hart.com.br\/?page_id=34"},"modified":"2023-03-22T20:38:49","modified_gmt":"2023-03-22T23:38:49","slug":"nossos-automoveis","status":"publish","type":"page","link":"http:\/\/hart.com.br\/?page_id=34","title":{"rendered":"Nossos autom\u00f3veis"},"content":{"rendered":"<style>\/*! elementor - v3.10.2 - 29-01-2023 *\/\n.elementor-widget-image{text-align:center}.elementor-widget-image a{display:inline-block}.elementor-widget-image a img[src$=\".svg\"]{width:48px}.elementor-widget-image img{vertical-align:middle;display:inline-block}<\/style>\n<figure>\n\t\t\t\t\t\t\t\t\t\t<img decoding=\"async\" width=\"1024\" height=\"436\" src=\"http:\/\/hart.com.br\/wp-content\/uploads\/2023\/03\/bmw-x3_2.png\" alt=\"\" loading=\"lazy\" srcset=\"https:\/\/hart.com.br\/wp-content\/uploads\/2023\/03\/bmw-x3_2.png 1024w, https:\/\/hart.com.br\/wp-content\/uploads\/2023\/03\/bmw-x3_2-300x128.png 300w, https:\/\/hart.com.br\/wp-content\/uploads\/2023\/03\/bmw-x3_2-768x327.png 768w\" sizes=\"auto, (max-width: 1024px) 100vw, 1024px\" \/><figcaption>BMW X3<\/figcaption><\/figure>\n<p style=\"font-variant-ligatures: normal; font-variant-caps: normal; font-family: Roboto, sans-serif; font-size: 18px; font-style: normal; font-weight: 400;\">Hart Log\u00edstica \u00e9 uma empresa especializada em loca\u00e7\u00e3o e log\u00edstica de transporte executivo e assessoria de eventos.<\/p>\n<p style=\"font-variant-ligatures: normal; font-variant-caps: normal; font-family: Roboto, sans-serif; font-size: 18px; font-style: normal; font-weight: 400;\">Al\u00e9m dos autom\u00f3veis executivos, dentre blindados, especiais e outros, disponibilizamos motoristas com ampla experi\u00eancia, bil\u00edngues, quando solicitado, int\u00e9rpretes, acompanhantes executivos e seguran\u00e7as.<\/p>\n<figure>\n\t\t\t\t\t\t\t\t\t\t<img decoding=\"async\" width=\"1024\" height=\"447\" src=\"http:\/\/hart.com.br\/wp-content\/uploads\/2023\/03\/jeepcommander3.png\" alt=\"\" loading=\"lazy\" srcset=\"https:\/\/hart.com.br\/wp-content\/uploads\/2023\/03\/jeepcommander3.png 1024w, https:\/\/hart.com.br\/wp-content\/uploads\/2023\/03\/jeepcommander3-300x131.png 300w, https:\/\/hart.com.br\/wp-content\/uploads\/2023\/03\/jeepcommander3-768x335.png 768w\" sizes=\"auto, (max-width: 1024px) 100vw, 1024px\" \/><figcaption>JEEP COMMANDER<\/figcaption><\/figure>\n","protected":false},"excerpt":{"rendered":"<p>BMW X3 Hart Log\u00edstica \u00e9 uma empresa especializada em loca\u00e7\u00e3o e log\u00edstica de transporte executivo e assessoria de eventos. Al\u00e9m dos autom\u00f3veis executivos, dentre blindados, especiais e outros, disponibilizamos motoristas com ampla experi\u00eancia, bil\u00edngues, quando solicitado, int\u00e9rpretes, acompanhantes executivos e seguran\u00e7as. JEEP COMMANDER<\/p>\n","protected":false},"author":1,"featured_media":0,"parent":0,"menu_order":0,"comment_status":"closed","ping_status":"closed","template":"","meta":{"footnotes":""},"class_list":["post-34","page","type-page","status-publish","hentry","entry"],"_links":{"self":[{"href":"http:\/\/hart.com.br\/index.php?rest_route=\/wp\/v2\/pages\/34","targetHints":{"allow":["GET"]}}],"collection":[{"href":"http:\/\/hart.com.br\/index.php?rest_route=\/wp\/v2\/pages"}],"about":[{"href":"http:\/\/hart.com.br\/index.php?rest_route=\/wp\/v2\/types\/page"}],"author":[{"embeddable":true,"href":"http:\/\/hart.com.br\/index.php?rest_route=\/wp\/v2\/users\/1"}],"replies":[{"embeddable":true,"href":"http:\/\/hart.com.br\/index.php?rest_route=%2Fwp%2Fv2%2Fcomments&post=34"}],"version-history":[{"count":52,"href":"http:\/\/hart.com.br\/index.php?rest_route=\/wp\/v2\/pages\/34\/revisions"}],"predecessor-version":[{"id":283,"href":"http:\/\/hart.com.br\/index.php?rest_route=\/wp\/v2\/pages\/34\/revisions\/283"}],"wp:attachment":[{"href":"http:\/\/hart.com.br\/index.php?rest_route=%2Fwp%2Fv2%2Fmedia&parent=34"}],"curies":[{"name":"wp","href":"https:\/\/api.w.org\/{rel}","templated":true}]}}